{"id":28,"date":"2012-09-04T15:24:23","date_gmt":"2012-09-04T13:24:23","guid":{"rendered":"http:\/\/www.sav-torgelow-ringen.de\/RV%20MV2\/wordpress_341-de\/wordpress\/?page_id=28"},"modified":"2014-11-29T15:52:49","modified_gmt":"2014-11-29T13:52:49","slug":"impressum","status":"publish","type":"page","link":"https:\/\/www.ringen-mv.de\/?page_id=28","title":{"rendered":"Impressum"},"content":{"rendered":"<h4>Ringerverband Mecklenburg-Vorpommern e.V.<\/h4>\n<p style=\"text-align: justify;\">Vereinshaus Spechtberg<br \/>\nFranz-Schubert Str. 8\/12<br \/>\n17358 Torgelow<br \/>\nTelefon: 03976 \u2013 250990<br \/>\nTelefax: 03976 \u2013 250990<br \/>\ne-mail: info@ringen-mv.de<span style=\"color: #333333;\"><br \/>\n<\/span>web: <a href=\"http:\/\/www.ringen-mv.de\/index.html\">www.ringen-mv.de<\/a><\/p>\n<p>Vereinsregisternummer: VR 558<br \/>\nAmtsgericht Rostock<br \/>\nPr\u00e4sident: Uwe Bremer<br \/>\nVizepr\u00e4sident: Eckhard Wallmuth<\/p>\n<h4 style=\"text-align: justify;\">Haftungsausschluss<\/h4>\n<p style=\"text-align: justify;\">Inhalt des Onlineangebotes<\/p>\n<p style=\"text-align: justify;\">Der Betreiber dieses Onlineangebotes, der Ringerverband Mecklenburg-Vorpommern \u00fcbernimmt\u00a0keinerlei Gew\u00e4hr f\u00fcr die Aktualit\u00e4t, Korrektheit, Vollst\u00e4ndigkeit oder\u00a0Qualit\u00e4t der bereitgestellten Informationen. Haftungsanspr\u00fcche gegen den Betreiber dieses Onlineangebotes, die sich auf Sch\u00e4den materieller oder ideeller Art beziehen, welche durch die Nutzung oder Nichtnutzung der\u00a0dargebotenen Informationen bzw. durch die Nutzung fehlerhafter und\u00a0unvollst\u00e4ndiger Informationen verursacht wurden sind grunds\u00e4tzlich\u00a0ausgeschlossen, sofern seitens des Betreibers dieses Onlineangebotes\u00a0kein nachweislich vors\u00e4tzliches oder grob fahrl\u00e4ssiges Verschulden\u00a0vorliegt. Alle Angebote sind freibleibend und unverbindlich. Der\u00a0Betreiber dieses Onlineangebotes beh\u00e4lt es sich ausdr\u00fccklich vor, Teile\u00a0der Seiten oder das gesamte Angebot ohne gesonderte Ank\u00fcndigung zu\u00a0ver\u00e4ndern, zu erg\u00e4nzen, zu l\u00f6schen oder die Ver\u00f6ffentlichung zeitweise\u00a0oder endg\u00fcltig einzustellen.<\/p>\n<p style=\"text-align: justify;\">Verweise und Links<\/p>\n<p style=\"text-align: justify;\">Sofern\u00a0auf Verweisziele (&#8222;Links&#8220;) direkt oder indirekt verwiesen wird, die\u00a0au\u00dferhalb des Verantwortungsbereiches des Betreibers dieses\u00a0Onlineangebotes liegen, haftet dieser nur dann, wenn er von den Inhalten Kenntnis hat und es ihm technisch m\u00f6glich und zumutbar w\u00e4re, die\u00a0Nutzung im Falle rechtswidriger Inhalte zu verhindern. F\u00fcr dar\u00fcber\u00a0hinausgehende Inhalte und insbesondere f\u00fcr Sch\u00e4den, die aus der Nutzung\u00a0oder Nichtnutzung solcherart dargebotener Informationen entstehen,\u00a0haftet allein der Anbieter dieser Seiten, nicht derjenige, der \u00fcber\u00a0Links auf die jeweilige Ver\u00f6ffentlichung lediglich verweist.<br \/>\nMit\u00a0Urteil vom 12.3.1998 &#8211; 312 O 85\/98 &#8211; &#8222;Haftung f\u00fcr Links&#8220; hat das\u00a0Landgericht (LG) Hamburg entschieden, dass man durch die Anbringung\u00a0eines Links, die Inhalte der gelinkten Seite ggf. mit zu verantworten\u00a0hat. Dies kann &#8211; so das LG &#8211; nur dadurch verhindert werden, dass man\u00a0sich ausdr\u00fccklich von diesen Inhalten distanziert.<br \/>\nDeshalb: Hiermit\u00a0distanzieren wir uns ausdr\u00fccklich von den Inhalten aller gelinkten\u00a0Seiten auf unserer Homepage und machen uns diese Inhalte nicht zu eigen.<\/p>\n<p style=\"text-align: justify;\">Urheberrecht<\/p>\n<p style=\"text-align: justify;\">Der Betreiber dieses Onlineangebotes ist bestrebt, in allen Publikationen\u00a0die Urheberrechte der verwendeten Grafiken, Sounds und Texte zu\u00a0beachten, von ihm selbst erstellte Grafiken, Sounds und Texte zu nutzen\u00a0oder auf lizenzfreie Grafiken, Sounds und Texte zur\u00fcckzugreifen. Sollte\u00a0sich auf den jeweiligen Seiten dennoch eine ungekennzeichnete, aber\u00a0durch fremdes Copyright gesch\u00fctzte Grafik, ein Sound oder Text befinden, so konnte das Copyright vom Betreiber dieses Onlineangebotes nicht\u00a0festgestellt werden. Im Falle einer solchen unbeabsichtigten\u00a0Copyrightverletzung wird der Betreiber dieses Onlineangebotes das\u00a0entsprechende Objekt nach Benachrichtigung aus seiner Publikation\u00a0entfernen bzw. mit dem entsprechenden Copyright kenntlich machen. Das\u00a0Copyright f\u00fcr ver\u00f6ffentlichte, vom Betreiber dieses Onlineangebotes\u00a0selbst erstellte Objekte bleibt allein beim Autor der Seiten. Eine\u00a0Vervielf\u00e4ltigung oder Verwendung solcher Grafiken, Sounds oder Texte in\u00a0anderen elektronischen oder gedruckten Publikationen ist ohne\u00a0ausdr\u00fcckliche Zustimmung des RV Mecklenburg-Vorpommern e. V. nicht gestattet.<\/p>\n<p style=\"text-align: justify;\">Rechtswirksamkeit dieses Haftungsausschlusses<\/p>\n<p style=\"text-align: justify;\">Dieser Haftungsausschluss ist als untrennbarer Teil des Internetangebotes zu\u00a0betrachten, von dem aus auf diese Seite verwiesen wurde. Sofern Teile\u00a0oder einzelne Formulierungen dieses Textes der geltenden Rechtslage\u00a0nicht, nicht mehr oder nicht vollst\u00e4ndig entsprechen sollten, bleiben\u00a0die \u00fcbrigen Teile des Dokumentes in ihrem Inhalt und ihrer G\u00fcltigkeit\u00a0davon unber\u00fchrt.<\/p>\n","protected":false},"excerpt":{"rendered":"<p>Ringerverband Mecklenburg-Vorpommern e.V. Vereinshaus Spechtberg Franz-Schubert Str. 8\/12 17358 Torgelow Telefon: 03976 \u2013 250990 Telefax: 03976 \u2013 250990 e-mail: info@ringen-mv.de web: www.ringen-mv.de Vereinsregisternummer: VR 558 Amtsgericht Rostock Pr\u00e4sident: Uwe Bremer Vizepr\u00e4sident: Eckhard Wallmuth Haftungsausschluss Inhalt des Onlineangebotes Der Betreiber dieses Onlineangebotes, der Ringerverband Mecklenburg-Vorpommern \u00fcbernimmt\u00a0keinerlei Gew\u00e4hr f\u00fcr die<\/p>\n","protected":false},"author":1,"featured_media":0,"parent":0,"menu_order":8,"comment_status":"closed","ping_status":"open","template":"","meta":{"footnotes":""},"class_list":["post-28","page","type-page","status-publish","hentry"],"_links":{"self":[{"href":"https:\/\/www.ringen-mv.de\/index.php?rest_route=\/wp\/v2\/pages\/28","targetHints":{"allow":["GET"]}}],"collection":[{"href":"https:\/\/www.ringen-mv.de\/index.php?rest_route=\/wp\/v2\/pages"}],"about":[{"href":"https:\/\/www.ringen-mv.de\/index.php?rest_route=\/wp\/v2\/types\/page"}],"author":[{"embeddable":true,"href":"https:\/\/www.ringen-mv.de\/index.php?rest_route=\/wp\/v2\/users\/1"}],"replies":[{"embeddable":true,"href":"https:\/\/www.ringen-mv.de\/index.php?rest_route=%2Fwp%2Fv2%2Fcomments&post=28"}],"version-history":[{"count":19,"href":"https:\/\/www.ringen-mv.de\/index.php?rest_route=\/wp\/v2\/pages\/28\/revisions"}],"predecessor-version":[{"id":3211,"href":"https:\/\/www.ringen-mv.de\/index.php?rest_route=\/wp\/v2\/pages\/28\/revisions\/3211"}],"wp:attachment":[{"href":"https:\/\/www.ringen-mv.de\/index.php?rest_route=%2Fwp%2Fv2%2Fmedia&parent=28"}],"curies":[{"name":"wp","href":"https:\/\/api.w.org\/{rel}","templated":true}]}}